{"id":1544,"date":"2025-12-20T16:08:56","date_gmt":"2025-12-20T09:08:56","guid":{"rendered":"https:\/\/trungtambaovesuckhoekyluc.vn\/?page_id=1544"},"modified":"2025-12-20T16:28:09","modified_gmt":"2025-12-20T09:28:09","slug":"3-tru-cot","status":"publish","type":"page","link":"https:\/\/trungtambaovesuckhoekyluc.vn\/?page_id=1544","title":{"rendered":"3 Tr\u1ee5 c\u1ed9t"},"content":{"rendered":"\t\t<div data-elementor-type=\"wp-page\" data-elementor-id=\"1544\" class=\"elementor elementor-1544\" data-elementor-post-type=\"page\">\n\t\t\t\t<div class=\"elementor-element elementor-element-d0f7a0c e-flex e-con-boxed e-con e-parent\" data-id=\"d0f7a0c\" data-element_type=\"container\" data-e-type=\"container\">\n\t\t\t\t\t<div class=\"e-con-inner\">\n\t\t<div class=\"elementor-element elementor-element-72f3d5b e-con-full e-flex e-con e-child\" data-id=\"72f3d5b\" data-element_type=\"container\" data-e-type=\"container\">\n\t\t<div class=\"elementor-element elementor-element-d276c8c e-con-full e-flex e-con e-child\" data-id=\"d276c8c\" data-element_type=\"container\" data-e-type=\"container\">\n\t\t<div class=\"elementor-element elementor-element-1281eb6 e-con-full e-flex e-con e-child\" data-id=\"1281eb6\" data-element_type=\"container\" data-e-type=\"container\">\n\t\t\t\t<div class=\"elementor-element elementor-element-d73b1c2 elementor-widget elementor-widget-heading\" data-id=\"d73b1c2\" data-element_type=\"widget\" data-e-type=\"widget\" data-settings=\"{&quot;motion_fx_motion_fx_scrolling&quot;:&quot;yes&quot;,&quot;motion_fx_scale_effect&quot;:&quot;yes&quot;,&quot;motion_fx_scale_direction&quot;:&quot;out-in&quot;,&quot;motion_fx_scale_speed&quot;:{&quot;unit&quot;:&quot;px&quot;,&quot;size&quot;:4,&quot;sizes&quot;:[]},&quot;motion_fx_scale_range&quot;:{&quot;unit&quot;:&quot;%&quot;,&quot;size&quot;:&quot;&quot;,&quot;sizes&quot;:{&quot;start&quot;:20,&quot;end&quot;:80}},&quot;motion_fx_devices&quot;:[&quot;desktop&quot;,&quot;tablet&quot;,&quot;mobile&quot;]}\" data-widget_type=\"heading.default\">\n\t\t\t\t\t<h1 class=\"elementor-heading-title elementor-size-default\">3 TR\u1ee4 C\u1ed8T GI\u00c1 TR\u1eca C\u1ee6A VRH <\/h1>\t\t\t\t<\/div>\n\t\t\t\t<\/div>\n\t\t\t\t<div class=\"elementor-element elementor-element-7e32a77 elementor-widget elementor-widget-spacer\" data-id=\"7e32a77\" data-element_type=\"widget\" data-e-type=\"widget\" data-widget_type=\"spacer.default\">\n\t\t\t\t\t\t\t<div class=\"elementor-spacer\">\n\t\t\t<div class=\"elementor-spacer-inner\"><\/div>\n\t\t<\/div>\n\t\t\t\t\t\t<\/div>\n\t\t\t\t<\/div>\n\t\t\t\t<\/div>\n\t\t\t\t\t<\/div>\n\t\t\t\t<\/div>\n\t\t<div class=\"elementor-element elementor-element-d18e26f e-flex e-con-boxed e-con e-parent\" data-id=\"d18e26f\" data-element_type=\"container\" data-e-type=\"container\">\n\t\t\t\t\t<div class=\"e-con-inner\">\n\t\t<div class=\"elementor-element elementor-element-e7936b6 e-con-full e-flex e-con e-child\" data-id=\"e7936b6\" data-element_type=\"container\" data-e-type=\"container\" data-settings=\"{&quot;background_background&quot;:&quot;classic&quot;}\">\n\t\t\t\t\t\t\t\t<p class=\"e-7da5623-fae320c e-paragraph-base\" data-interaction-id=\"7da5623\"  data-e-type=\"widget\" data-id=\"7da5623\">\n\t\t\t\t\t\t\t\t\"H\u1ec7 sinh th\u00e1i c\u1ee7a VRH \u0111\u01b0\u1ee3c x\u00e2y d\u1ef1ng tr\u00ean 3 tr\u1ee5 c\u1ed9t c\u1ed1t l\u00f5i: Khoa h\u1ecdc hi\u1ec7n \u0111\u1ea1i \u2013 Y h\u1ecdc c\u1ed5 truy\u1ec1n \u2013 Li\u1ec7u ph\u00e1p tinh th\u1ea7n. Ch\u00fang t\u00f4i kh\u00f4ng ch\u1ec9 \u0111i\u1ec1u tr\u1ecb tri\u1ec7u ch\u1ee9ng m\u00e0 t\u1eadp trung nu\u00f4i d\u01b0\u1ee1ng s\u1ef1 s\u1ed1ng, \u0111\u00e1nh th\u1ee9c n\u0103ng l\u1ef1c t\u1ef1 ch\u1eefa l\u00e0nh v\u00e0 ki\u1ebfn t\u1ea1o m\u1ed9t l\u1ed1i s\u1ed1ng an vui, kh\u1ecfe m\u1ea1nh b\u1ec1n v\u1eefng.\"\n\t\t\t\t\t<\/p>\n\t\t\t\t<\/div>\n\t\t\t\t\t<\/div>\n\t\t\t\t<\/div>\n\t\t<div class=\"elementor-element elementor-element-6d21e2b e-flex e-con-boxed e-con e-parent\" data-id=\"6d21e2b\" data-element_type=\"container\" data-e-type=\"container\">\n\t\t\t\t\t<div class=\"e-con-inner\">\n\t\t<div class=\"elementor-element elementor-element-cc243eb e-con-full e-flex e-con e-child\" data-id=\"cc243eb\" data-element_type=\"container\" data-e-type=\"container\">\n\t\t<div class=\"elementor-element elementor-element-ce151bf e-con-full e-flex e-con e-child\" data-id=\"ce151bf\" data-element_type=\"container\" data-e-type=\"container\">\n\t\t\t\t<div class=\"elementor-element elementor-element-c522358 elementor-cta--valign-middle elementor-cta--skin-classic elementor-animated-content elementor-bg-transform elementor-bg-transform-zoom-in elementor-widget elementor-widget-call-to-action\" data-id=\"c522358\" data-element_type=\"widget\" data-e-type=\"widget\" data-widget_type=\"call-to-action.default\">\n\t\t\t\t\t\t\t<div class=\"elementor-cta\">\n\t\t\t\t\t<div class=\"elementor-cta__bg-wrapper\">\n\t\t\t\t<div class=\"elementor-cta__bg elementor-bg\" style=\"background-image: url(https:\/\/trungtambaovesuckhoekyluc.vn\/wp-content\/uploads\/2025\/12\/Gemini_Generated_Image_dwey14dwey14dwey-1024x572.webp);\" role=\"img\" aria-label=\"Gemini_Generated_Image_dwey14dwey14dwey\"><\/div>\n\t\t\t\t<div class=\"elementor-cta__bg-overlay\"><\/div>\n\t\t\t<\/div>\n\t\t\t\t\t\t\t<div class=\"elementor-cta__content\">\n\t\t\t\t\n\t\t\t\t\t\t\t\t\t<h2 class=\"elementor-cta__title elementor-cta__content-item elementor-content-item\">\n\t\t\t\t\t\tKHOA H\u1eccC HI\u1ec6N \u0110\u1ea0I<br>\t\t\t\t\t<\/h2>\n\t\t\t\t\n\t\t\t\t\t\t\t\t\t<div class=\"elementor-cta__description elementor-cta__content-item elementor-content-item\">\n\t\t\t\t\t\t\u1ee8ng d\u1ee5ng ti\u1ebfn b\u1ed9 khoa h\u1ecdc \u2013 y sinh hi\u1ec7n \u0111\u1ea1i \u0111\u1ec3 \u0111\u00e1nh gi\u00e1, theo d\u00f5i v\u00e0 t\u1ed1i \u01b0u s\u1ee9c kh\u1ecfe t\u1ed5ng th\u1ec3, b\u1ea3o \u0111\u1ea3m \u0111\u1ed9 ch\u00ednh x\u00e1c, minh ch\u1ee9ng v\u00e0 an to\u00e0n cho ng\u01b0\u1eddi d\u00f9ng.<br><br>\t\t\t\t\t<\/div>\n\t\t\t\t\n\t\t\t\t\t\t\t\t\t<div class=\"elementor-cta__button-wrapper elementor-cta__content-item elementor-content-item \">\n\t\t\t\t\t<a class=\"elementor-cta__button elementor-button elementor-size-\" href=\"https:\/\/trungtambaovesuckhoekyluc.vn\/?p=1549\" target=\"_blank\">\n\t\t\t\t\t\tT\u00ecm hi\u1ec3u th\u00eam\t\t\t\t\t<\/a>\n\t\t\t\t\t<\/div>\n\t\t\t\t\t\t\t<\/div>\n\t\t\t\t\t\t<\/div>\n\t\t\t\t\t\t<\/div>\n\t\t\t\t<\/div>\n\t\t<div class=\"elementor-element elementor-element-a86ea54 e-con-full e-flex e-con e-child\" data-id=\"a86ea54\" data-element_type=\"container\" data-e-type=\"container\">\n\t\t\t\t<div class=\"elementor-element elementor-element-3de6fca elementor-cta--skin-classic elementor-animated-content elementor-bg-transform elementor-bg-transform-zoom-in elementor-widget elementor-widget-call-to-action\" data-id=\"3de6fca\" data-element_type=\"widget\" data-e-type=\"widget\" data-widget_type=\"call-to-action.default\">\n\t\t\t\t\t\t\t<div class=\"elementor-cta\">\n\t\t\t\t\t<div class=\"elementor-cta__bg-wrapper\">\n\t\t\t\t<div class=\"elementor-cta__bg elementor-bg\" style=\"background-image: url(https:\/\/trungtambaovesuckhoekyluc.vn\/wp-content\/uploads\/2025\/12\/Gemini_Generated_Image_dwey14dwey14dwey-1-1024x572.png);\" role=\"img\" aria-label=\"Gemini_Generated_Image_dwey14dwey14dwey (1)\"><\/div>\n\t\t\t\t<div class=\"elementor-cta__bg-overlay\"><\/div>\n\t\t\t<\/div>\n\t\t\t\t\t\t\t<div class=\"elementor-cta__content\">\n\t\t\t\t\n\t\t\t\t\t\t\t\t\t<h2 class=\"elementor-cta__title elementor-cta__content-item elementor-content-item\">\n\t\t\t\t\t\tY H\u1eccC C\u1ed4 TRUY\u1ec0N - \u0110\u00d4NG Y\t\t\t\t\t<\/h2>\n\t\t\t\t\n\t\t\t\t\t\t\t\t\t<div class=\"elementor-cta__description elementor-cta__content-item elementor-content-item\">\n\t\t\t\t\t\tK\u1ebft h\u1ee3p tinh hoa y h\u1ecdc c\u1ed5 truy\u1ec1n, d\u01b0\u1ee1ng sinh v\u00e0 tr\u1ecb li\u1ec7u t\u1ef1 nhi\u00ean nh\u1eb1m c\u00e2n b\u1eb1ng kh\u00ed huy\u1ebft, t\u0103ng c\u01b0\u1eddng n\u1ed9i l\u1ef1c v\u00e0 h\u1ed7 tr\u1ee3 ph\u1ee5c h\u1ed3i s\u1ee9c kh\u1ecfe b\u1ec1n v\u1eefng.\t\t\t\t\t<\/div>\n\t\t\t\t\n\t\t\t\t\t\t\t\t\t<div class=\"elementor-cta__button-wrapper elementor-cta__content-item elementor-content-item \">\n\t\t\t\t\t<a class=\"elementor-cta__button elementor-button elementor-size-\" href=\"https:\/\/trungtambaovesuckhoekyluc.vn\/?p=1551\" target=\"_blank\">\n\t\t\t\t\t\tt\u00ecm hi\u1ec3u th\u00eam\t\t\t\t\t<\/a>\n\t\t\t\t\t<\/div>\n\t\t\t\t\t\t\t<\/div>\n\t\t\t\t\t\t<\/div>\n\t\t\t\t\t\t<\/div>\n\t\t\t\t<\/div>\n\t\t<div class=\"elementor-element elementor-element-655713e e-con-full e-flex e-con e-child\" data-id=\"655713e\" data-element_type=\"container\" data-e-type=\"container\">\n\t\t\t\t<div class=\"elementor-element elementor-element-d98b3b0 elementor-cta--skin-classic elementor-animated-content elementor-bg-transform elementor-bg-transform-zoom-in elementor-widget elementor-widget-call-to-action\" data-id=\"d98b3b0\" data-element_type=\"widget\" data-e-type=\"widget\" data-widget_type=\"call-to-action.default\">\n\t\t\t\t\t\t\t<div class=\"elementor-cta\">\n\t\t\t\t\t<div class=\"elementor-cta__bg-wrapper\">\n\t\t\t\t<div class=\"elementor-cta__bg elementor-bg\" style=\"background-image: url(https:\/\/trungtambaovesuckhoekyluc.vn\/wp-content\/uploads\/2025\/12\/Gemini_Generated_Image_dwey14dwey14dwey-2-1024x572.webp);\" role=\"img\" aria-label=\"Gemini_Generated_Image_dwey14dwey14dwey (2)\"><\/div>\n\t\t\t\t<div class=\"elementor-cta__bg-overlay\"><\/div>\n\t\t\t<\/div>\n\t\t\t\t\t\t\t<div class=\"elementor-cta__content\">\n\t\t\t\t\n\t\t\t\t\t\t\t\t\t<h2 class=\"elementor-cta__title elementor-cta__content-item elementor-content-item\">\n\t\t\t\t\t\tLI\u1ec6U PH\u00c1P S\u1ee8C KH\u1eceE TINH TH\u1ea6N\t\t\t\t\t<\/h2>\n\t\t\t\t\n\t\t\t\t\t\t\t\t\t<div class=\"elementor-cta__description elementor-cta__content-item elementor-content-item\">\n\t\t\t\t\t\t\u1ee8ng d\u1ee5ng c\u00e1c ph\u01b0\u01a1ng ph\u00e1p ph\u00e1t tri\u1ec3n n\u1ed9i t\u00e2m v\u00e0 th\u1ea5u hi\u1ec3u nh\u00e2n sinh \u0111\u1ec3 gi\u1ea3i t\u1ecfa \u00e1p l\u1ef1c, n\u00e2ng t\u00e2m th\u00e1i, \u0111i\u1ec1u h\u00f2a c\u1ea3m x\u00fac v\u00e0 x\u00e2y d\u1ef1ng \u0111\u1eddi s\u1ed1ng tinh th\u1ea7n an vui.\t\t\t\t\t<\/div>\n\t\t\t\t\n\t\t\t\t\t\t\t\t\t<div class=\"elementor-cta__button-wrapper elementor-cta__content-item elementor-content-item \">\n\t\t\t\t\t<a class=\"elementor-cta__button elementor-button elementor-size-\" href=\"https:\/\/trungtambaovesuckhoekyluc.vn\/?p=1553\" target=\"_blank\">\n\t\t\t\t\t\tt\u00ecm hi\u1ec3u th\u00eam\t\t\t\t\t<\/a>\n\t\t\t\t\t<\/div>\n\t\t\t\t\t\t\t<\/div>\n\t\t\t\t\t\t<\/div>\n\t\t\t\t\t\t<\/div>\n\t\t\t\t<\/div>\n\t\t\t\t<\/div>\n\t\t\t\t\t<\/div>\n\t\t\t\t<\/div>\n\t\t\t\t<\/div>\n\t\t","protected":false},"excerpt":{"rendered":"<p>3 TR\u1ee4 C\u1ed8T GI\u00c1 TR\u1eca C\u1ee6A VRH &quot;H\u1ec7 sinh th\u00e1i c\u1ee7a VRH \u0111\u01b0\u1ee3c x\u00e2y d\u1ef1ng tr\u00ean 3 tr\u1ee5 c\u1ed9t c\u1ed1t l\u00f5i: Khoa h\u1ecdc hi\u1ec7n \u0111\u1ea1i \u2013 Y h\u1ecdc c\u1ed5 truy\u1ec1n \u2013 Li\u1ec7u ph\u00e1p tinh th\u1ea7n. Ch\u00fang t\u00f4i kh\u00f4ng ch\u1ec9 \u0111i\u1ec1u tr\u1ecb tri\u1ec7u ch\u1ee9ng m\u00e0 t\u1eadp trung nu\u00f4i d\u01b0\u1ee1ng s\u1ef1 s\u1ed1ng, \u0111\u00e1nh th\u1ee9c n\u0103ng l\u1ef1c t\u1ef1 [&hellip;]<\/p>\n","protected":false},"author":1,"featured_media":0,"parent":0,"menu_order":0,"comment_status":"closed","ping_status":"closed","template":"","meta":{"footnotes":""},"class_list":["post-1544","page","type-page","status-publish","hentry"],"_links":{"self":[{"href":"https:\/\/trungtambaovesuckhoekyluc.vn\/index.php?rest_route=\/wp\/v2\/pages\/1544","targetHints":{"allow":["GET"]}}],"collection":[{"href":"https:\/\/trungtambaovesuckhoekyluc.vn\/index.php?rest_route=\/wp\/v2\/pages"}],"about":[{"href":"https:\/\/trungtambaovesuckhoekyluc.vn\/index.php?rest_route=\/wp\/v2\/types\/page"}],"author":[{"embeddable":true,"href":"https:\/\/trungtambaovesuckhoekyluc.vn\/index.php?rest_route=\/wp\/v2\/users\/1"}],"replies":[{"embeddable":true,"href":"https:\/\/trungtambaovesuckhoekyluc.vn\/index.php?rest_route=%2Fwp%2Fv2%2Fcomments&post=1544"}],"version-history":[{"count":7,"href":"https:\/\/trungtambaovesuckhoekyluc.vn\/index.php?rest_route=\/wp\/v2\/pages\/1544\/revisions"}],"predecessor-version":[{"id":1598,"href":"https:\/\/trungtambaovesuckhoekyluc.vn\/index.php?rest_route=\/wp\/v2\/pages\/1544\/revisions\/1598"}],"wp:attachment":[{"href":"https:\/\/trungtambaovesuckhoekyluc.vn\/index.php?rest_route=%2Fwp%2Fv2%2Fmedia&parent=1544"}],"curies":[{"name":"wp","href":"https:\/\/api.w.org\/{rel}","templated":true}]}}