{"id":962,"date":"2025-12-10T15:08:31","date_gmt":"2025-12-10T08:08:31","guid":{"rendered":"https:\/\/trungtambaovesuckhoekyluc.vn\/?page_id=962"},"modified":"2025-12-20T16:35:33","modified_gmt":"2025-12-20T09:35:33","slug":"doi-ngu-chuyen-gia","status":"publish","type":"page","link":"https:\/\/trungtambaovesuckhoekyluc.vn\/?page_id=962","title":{"rendered":"\u0110\u1ed9i ng\u0169 chuy\u00ean gia"},"content":{"rendered":"\t\t<div data-elementor-type=\"wp-page\" data-elementor-id=\"962\" class=\"elementor elementor-962\" data-elementor-post-type=\"page\">\n\t\t\t\t<div class=\"elementor-element elementor-element-b049525 e-flex e-con-boxed e-con e-parent\" data-id=\"b049525\" data-element_type=\"container\" data-e-type=\"container\">\n\t\t\t\t\t<div class=\"e-con-inner\">\n\t\t<div class=\"elementor-element elementor-element-8a61b05 e-con-full e-flex e-con e-child\" data-id=\"8a61b05\" data-element_type=\"container\" data-e-type=\"container\" data-settings=\"{&quot;motion_fx_motion_fx_scrolling&quot;:&quot;yes&quot;,&quot;motion_fx_scale_effect&quot;:&quot;yes&quot;,&quot;motion_fx_scale_direction&quot;:&quot;out-in&quot;,&quot;motion_fx_scale_speed&quot;:{&quot;unit&quot;:&quot;px&quot;,&quot;size&quot;:4,&quot;sizes&quot;:[]},&quot;motion_fx_scale_range&quot;:{&quot;unit&quot;:&quot;%&quot;,&quot;size&quot;:&quot;&quot;,&quot;sizes&quot;:{&quot;start&quot;:20,&quot;end&quot;:80}},&quot;motion_fx_devices&quot;:[&quot;desktop&quot;,&quot;tablet&quot;,&quot;mobile&quot;]}\">\n\t\t<div class=\"elementor-element elementor-element-d2cbea9 e-con-full e-flex e-con e-child\" data-id=\"d2cbea9\" data-element_type=\"container\" data-e-type=\"container\">\n\t\t<div class=\"elementor-element elementor-element-cd47472 e-con-full e-flex e-con e-child\" data-id=\"cd47472\" data-element_type=\"container\" data-e-type=\"container\">\n\t\t\t\t<div class=\"elementor-element elementor-element-0faf7a2 elementor-widget elementor-widget-heading\" data-id=\"0faf7a2\" data-element_type=\"widget\" data-e-type=\"widget\" data-widget_type=\"heading.default\">\n\t\t\t\t\t<h1 class=\"elementor-heading-title elementor-size-default\">\u0110\u1ed8I NG\u0168 CHUY\u00caN GIA - C\u1ed0 V\u1ea4N<\/h1>\t\t\t\t<\/div>\n\t\t\t\t<\/div>\n\t\t\t\t<div class=\"elementor-element elementor-element-2410c5c elementor-widget elementor-widget-spacer\" data-id=\"2410c5c\" data-element_type=\"widget\" data-e-type=\"widget\" data-widget_type=\"spacer.default\">\n\t\t\t\t\t\t\t<div class=\"elementor-spacer\">\n\t\t\t<div class=\"elementor-spacer-inner\"><\/div>\n\t\t<\/div>\n\t\t\t\t\t\t<\/div>\n\t\t\t\t<\/div>\n\t\t\t\t<\/div>\n\t\t<div class=\"elementor-element elementor-element-ce0f600 e-con-full e-flex e-con e-child\" data-id=\"ce0f600\" data-element_type=\"container\" data-e-type=\"container\">\n\t\t<div class=\"elementor-element elementor-element-8d03f75 e-con-full e-flex e-con e-child\" data-id=\"8d03f75\" data-element_type=\"container\" data-e-type=\"container\">\n\t\t\t\t<div class=\"elementor-element elementor-element-641cb24 elementor-cta--layout-image-right elementor-cta--valign-middle elementor-cta--skin-classic elementor-animated-content elementor-bg-transform elementor-bg-transform-zoom-in elementor-widget elementor-widget-call-to-action\" data-id=\"641cb24\" data-element_type=\"widget\" data-e-type=\"widget\" data-widget_type=\"call-to-action.default\">\n\t\t\t\t\t\t\t<div class=\"elementor-cta\">\n\t\t\t\t\t<div class=\"elementor-cta__bg-wrapper\">\n\t\t\t\t<div class=\"elementor-cta__bg elementor-bg\" style=\"background-image: url(https:\/\/trungtambaovesuckhoekyluc.vn\/wp-content\/uploads\/2025\/12\/3-724x1024.webp);\" role=\"img\" aria-label=\"3\"><\/div>\n\t\t\t\t<div class=\"elementor-cta__bg-overlay\"><\/div>\n\t\t\t<\/div>\n\t\t\t\t\t\t\t<div class=\"elementor-cta__content\">\n\t\t\t\t\n\t\t\t\t\t\t\t\t\t<h2 class=\"elementor-cta__title elementor-cta__content-item elementor-content-item\">\n\t\t\t\t\t\tGi\u00e1m \u0111\u1ed1c Trung t\u00e2m: PH\u1ea0M TH\u1eca MINH TRINH\t\t\t\t\t<\/h2>\n\t\t\t\t\n\t\t\t\t\t\t\t\t\t<div class=\"elementor-cta__description elementor-cta__content-item elementor-content-item\">\n\t\t\t\t\t\tC\u1eed nh\u00e2n \u0110\u1ea1i h\u1ecdc ng\u00e0nh Qu\u1ea3n tr\u1ecb kinh doanh<br>\nD\u01b0\u1ee3c s\u1ef9 - \u0110\u1ea1i H\u1ecdc<br>\nThs.Lu\u1eadt Kinh T\u1ebf<br>\nNh\u00e0 S\u00e1ng l\u1eadp, TVH\u0110QT CTY CP BIO-PHAM<br>\nPh\u00f3 Vi\u1ec7n Tr\u01b0\u1edfng Vi\u1ec7n Nghi\u00ean C\u1ee9u s\u1ee9c kh\u1ecfe s\u00e1ng t\u1ea1o Nh\u1eadt\n\t\t\t\t\t<\/div>\n\t\t\t\t\n\t\t\t\t\t\t\t<\/div>\n\t\t\t\t\t\t\t<div class=\"elementor-ribbon\">\n\t\t\t\t<div class=\"elementor-ribbon-inner\">\n\t\t\t\t\tgi\u00e1m \u0111\u1ed1c\t\t\t\t<\/div>\n\t\t\t<\/div>\n\t\t\t\t<\/div>\n\t\t\t\t\t\t<\/div>\n\t\t\t\t<\/div>\n\t\t\t\t<\/div>\n\t\t<div class=\"elementor-element elementor-element-96e1519 e-con-full e-flex e-con e-child\" data-id=\"96e1519\" data-element_type=\"container\" data-e-type=\"container\">\n\t\t<div class=\"elementor-element elementor-element-517aabd e-con-full e-flex e-con e-child\" data-id=\"517aabd\" data-element_type=\"container\" data-e-type=\"container\">\n\t\t\t\t<div class=\"elementor-element elementor-element-07848b8 elementor-cta--layout-image-right elementor-cta--valign-middle elementor-cta--skin-classic elementor-animated-content elementor-bg-transform elementor-bg-transform-zoom-in elementor-widget elementor-widget-call-to-action\" data-id=\"07848b8\" data-element_type=\"widget\" data-e-type=\"widget\" data-widget_type=\"call-to-action.default\">\n\t\t\t\t\t\t\t<div class=\"elementor-cta\">\n\t\t\t\t\t<div class=\"elementor-cta__bg-wrapper\">\n\t\t\t\t<div class=\"elementor-cta__bg elementor-bg\" style=\"background-image: url(https:\/\/trungtambaovesuckhoekyluc.vn\/wp-content\/uploads\/2025\/12\/2-724x1024.webp);\" role=\"img\" aria-label=\"2\"><\/div>\n\t\t\t\t<div class=\"elementor-cta__bg-overlay\"><\/div>\n\t\t\t<\/div>\n\t\t\t\t\t\t\t<div class=\"elementor-cta__content\">\n\t\t\t\t\n\t\t\t\t\t\t\t\t\t<h2 class=\"elementor-cta__title elementor-cta__content-item elementor-content-item\">\n\t\t\t\t\t\tPG\u0110 Trung t\u00e2m: Th\u1ea1c S\u0129 - B\u00e1c S\u0129 PH\u1ea0M PH\u01af\u01a0NG PHI \t\t\t\t\t<\/h2>\n\t\t\t\t\n\t\t\t\t\t\t\t\t\t<div class=\"elementor-cta__description elementor-cta__content-item elementor-content-item\">\n\t\t\t\t\t\tC\u1eed nh\u00e2n \u0110\u1ea1i h\u1ecdc ng\u00e0nh Qu\u1ea3n tr\u1ecb kinh doanh<br>\nD\u01b0\u1ee3c s\u1ef9 - \u0110\u1ea1i H\u1ecdc<br>\nThs.Lu\u1eadt Kinh T\u1ebf<br>\nNh\u00e0 S\u00e1ng l\u1eadp, TVH\u0110QT CTY CP BIO-PHAM<br>\nPh\u00f3 Vi\u1ec7n Tr\u01b0\u1edfng Vi\u1ec7n Nghi\u00ean C\u1ee9u s\u1ee9c kh\u1ecfe s\u00e1ng t\u1ea1o Nh\u1eadt\n\t\t\t\t\t<\/div>\n\t\t\t\t\n\t\t\t\t\t\t\t<\/div>\n\t\t\t\t\t\t\t<div class=\"elementor-ribbon\">\n\t\t\t\t<div class=\"elementor-ribbon-inner\">\n\t\t\t\t\tPG\u0110\t\t\t\t<\/div>\n\t\t\t<\/div>\n\t\t\t\t<\/div>\n\t\t\t\t\t\t<\/div>\n\t\t\t\t<\/div>\n\t\t\t\t<\/div>\n\t\t<div class=\"elementor-element elementor-element-e1c5995 e-con-full e-flex e-con e-child\" data-id=\"e1c5995\" data-element_type=\"container\" data-e-type=\"container\">\n\t\t<div class=\"elementor-element elementor-element-13233e8 e-con-full e-flex e-con e-child\" data-id=\"13233e8\" data-element_type=\"container\" data-e-type=\"container\">\n\t\t\t\t\t\t\t<h2 \n\t\tdata-interaction-id=\"e141162\" \n\t\tclass=\"e-e141162-790cb57 e-heading-base\" \n\t\t \n\t\tdata-e-type=\"widget\" data-id=\"e141162\"\n\t>\n\t\n\t\t\t\ud83d\udc64PG\u0110 Trung t\u00e2m: L\u01b0\u01a1ng y L\u01b0u Th\u1ecb Li\u00ean\n\t\t<\/h2>\n\t\t\t\t<\/div>\n\t\t<div class=\"elementor-element elementor-element-b3a5208 e-con-full e-flex e-con e-child\" data-id=\"b3a5208\" data-element_type=\"container\" data-e-type=\"container\">\n\t\t\t\t\t\t\t<h2 \n\t\tdata-interaction-id=\"37827cc\" \n\t\tclass=\"e-37827cc-ba3e621 e-heading-base\" \n\t\t \n\t\tdata-e-type=\"widget\" data-id=\"37827cc\"\n\t>\n\t\n\t\t\t\ud83d\udc64PG\u0110 Trung t\u00e2m: BS Chuy\u00ean khoa II L\u00ea V\u0103n \u00cdch\n\t\t<\/h2>\n\t\t\t\t<\/div>\n\t\t<div class=\"elementor-element elementor-element-8a91561 e-con-full e-flex e-con e-child\" data-id=\"8a91561\" data-element_type=\"container\" data-e-type=\"container\">\n\t\t\t\t\t\t\t<h2 \n\t\tdata-interaction-id=\"c8082ae\" \n\t\tclass=\"e-c8082ae-7879ec7 e-heading-base\" \n\t\t \n\t\tdata-e-type=\"widget\" data-id=\"c8082ae\"\n\t>\n\t\n\t\t\t\ud83d\udc64PG\u0110 Trung t\u00e2m: Nguy\u1ec5n Ph\u00fac: C\u1eed nh\u00e2n Lu\u1eadt v\u00e0 c\u1eed nh\u00e2n B\u00e1o ch\u00ed\n\n\t\t<\/h2>\n\t\t\t\t<\/div>\n\t\t\t\t<\/div>\n\t\t\t\t\t<\/div>\n\t\t\t\t<\/div>\n\t\t<div class=\"elementor-element elementor-element-eb5872b e-flex e-con-boxed e-con e-parent\" data-id=\"eb5872b\" data-element_type=\"container\" data-e-type=\"container\">\n\t\t\t\t\t<div class=\"e-con-inner\">\n\t\t<div class=\"elementor-element elementor-element-9d5fd2d e-con-full e-flex e-con e-child\" data-id=\"9d5fd2d\" data-element_type=\"container\" data-e-type=\"container\">\n\t\t<div class=\"elementor-element elementor-element-3873157 e-con-full e-flex e-con e-child\" data-id=\"3873157\" data-element_type=\"container\" data-e-type=\"container\">\n\t\t\t\t<div class=\"elementor-element elementor-element-db7864f elementor-widget elementor-widget-heading\" data-id=\"db7864f\" data-element_type=\"widget\" data-e-type=\"widget\" data-widget_type=\"heading.default\">\n\t\t\t\t\t<h2 class=\"elementor-heading-title elementor-size-default\">H\u1ed8I \u0110\u1ed2NG C\u1ed0 V\u1ea4N\n<\/h2>\t\t\t\t<\/div>\n\t\t\t\t<\/div>\n\t\t\t\t<\/div>\n\t\t<div class=\"elementor-element elementor-element-3c97eee e-con-full e-flex e-con e-child\" data-id=\"3c97eee\" data-element_type=\"container\" data-e-type=\"container\">\n\t\t\t\t\t\t\t\t<p class=\"e-paragraph-base\" data-interaction-id=\"c036e60\"  data-e-type=\"widget\" data-id=\"c036e60\">\n\t\t\t\t\t\t\t\t\ud83d\udc64 TS. Thang V\u0103n Ph\u00fac: ch\u1ee7 t\u1ecbch TW H\u1ed9i K\u1ef7 l\u1ee5c gia Vi\u1ec7t Nam - Ch\u1ee7 t\u1ecbch H\u1ed9i \u0111\u1ed3ng t\u01b0 v\u1ea5n\n\n\t\t\t\t\t<\/p>\n\t\t\t\t\t\t\t\t<p class=\"e-paragraph-base\" data-interaction-id=\"fe75d60\"  data-e-type=\"widget\" data-id=\"fe75d60\">\n\t\t\t\t\t\t\t\t\ud83d\udc64 GS.TS danh d\u1ef1 Nguy\u1ec5n V\u0103n \u0110\u1ec7, Ch\u1ee7 t\u1ecbch t\u1eadp \u0111oa\u00e0n H\u1ee3p L\u1ef1c, Ch\u1ee7 t\u1ecbch Hi\u1ec7p h\u1ed9i B\u1ec7nh vi\u1ec7n T\u01b0 nh\u00e2n Vi\u1ec7t Nam\n\n\t\t\t\t\t<\/p>\n\t\t\t\t\t\t\t\t<p class=\"e-paragraph-base\" data-interaction-id=\"5dd5cdd\"  data-e-type=\"widget\" data-id=\"5dd5cdd\">\n\t\t\t\t\t\t\t\t\ud83d\udc64 PGS-TS y khoa \u0110o\u00e0n H\u1eefu Ngh\u1ecb , Nguy\u00ean gi\u00e1m \u0111\u1ed1c B\u1ec7nh vi\u1ec7n E\n\n\t\t\t\t\t<\/p>\n\t\t\t\t\t\t\t\t<p class=\"e-paragraph-base\" data-interaction-id=\"f0b6db2\"  data-e-type=\"widget\" data-id=\"f0b6db2\">\n\t\t\t\t\t\t\t\t\ud83d\udc64 TS. K\u1ef7 l\u1ee5c gia th\u1ebf gi\u1edbi L\u01b0\u01a1ng y Ph\u00f9ng Tu\u1ea5n Giang, Gi\u00e1m \u0111\u1ed1c Th\u1ecd Xu\u00e2n \u0110\u01b0\u1eddng\n\n\t\t\t\t\t<\/p>\n\t\t\t\t\t\t\t\t<p class=\"e-paragraph-base\" data-interaction-id=\"b622c23\"  data-e-type=\"widget\" data-id=\"b622c23\">\n\t\t\t\t\t\t\t\t\ud83d\udc64 BS CKII, Th\u1ea7y thu\u1ed1c nh\u00e2n d\u00e2n Nguy\u1ec5n V\u0103n X\u00e1ng, Nguy\u00ean Gi\u00e1m \u0111\u1ed1c B\u1ec7nh Vi\u1ec7n \u0110a khoa t\u1ec9nh Kh\u00e1nh H\u00f2a \n\n\t\t\t\t\t<\/p>\n\t\t\t\t\t\t\t\t<p class=\"e-paragraph-base\" data-interaction-id=\"5c0f263\"  data-e-type=\"widget\" data-id=\"5c0f263\">\n\t\t\t\t\t\t\t\t\ud83d\udc64 Th\u1ea7y Nguy\u1ec5n Trung Th\u00e0nh - Gi\u00e1m \u0111\u1ed1c H\u1ecdc Vi\u1ec7n T\u00e1c \u0110\u1ed9ng C\u1ed9t S\u1ed1ng Vi\u1ec7t Nam \n\n\t\t\t\t\t<\/p>\n\t\t\t\t\t\t\t\t<p class=\"e-paragraph-base\" data-interaction-id=\"42d3eb5\"  data-e-type=\"widget\" data-id=\"42d3eb5\">\n\t\t\t\t\t\t\t\t\ud83d\udc64 C\u00f4 Tr\u01b0\u01a1ng Th\u1ecb Huy\u1ec1n: Tr\u1ecdng t\u00e0i qu\u1ed1c t\u1ebf B\u1ed9 m\u00f4n Pickleball, Ironman Qu\u1ed1c t\u1ebf (Top 2 Woman Double Ulta Triathlon Taiwan 2025)\n\n\t\t\t\t\t<\/p>\n\t\t\t\t\t\t\t\t<p class=\"e-paragraph-base\" data-interaction-id=\"e8b9dfe\"  data-e-type=\"widget\" data-id=\"e8b9dfe\">\n\t\t\t\t\t\t\t\t\ud83d\udc64 C\u00f9ng \u0111\u1ed9i ng\u0169 chuy\u00ean gia & v\u1eadn h\u00e0nh.\n\n\t\t\t\t\t<\/p>\n\t\t\t\t<\/div>\n\t\t\t\t\t<\/div>\n\t\t\t\t<\/div>\n\t\t<div class=\"elementor-element elementor-element-1a15116 e-flex e-con-boxed e-con e-parent\" data-id=\"1a15116\" data-element_type=\"container\" data-e-type=\"container\">\n\t\t\t\t\t<div class=\"e-con-inner\">\n\t\t<div class=\"elementor-element elementor-element-02d6ba3 e-con-full e-flex e-con e-child\" data-id=\"02d6ba3\" data-element_type=\"container\" data-e-type=\"container\">\n\t\t\t\t<div class=\"elementor-element elementor-element-43cd2e8 elementor-widget elementor-widget-heading\" data-id=\"43cd2e8\" data-element_type=\"widget\" data-e-type=\"widget\" data-widget_type=\"heading.default\">\n\t\t\t\t\t<h2 class=\"elementor-heading-title elementor-size-default\">B\u1ed8 M\u00c1Y T\u1ed4 CH\u1ee8C\n<\/h2>\t\t\t\t<\/div>\n\t\t\t\t<\/div>\n\t\t<div class=\"elementor-element elementor-element-92b09cf e-con-full e-flex e-con e-child\" data-id=\"92b09cf\" data-element_type=\"container\" data-e-type=\"container\">\n\t\t\t\t<div class=\"elementor-element elementor-element-45ffbcf elementor-widget elementor-widget-image\" data-id=\"45ffbcf\" data-element_type=\"widget\" data-e-type=\"widget\" data-widget_type=\"image.default\">\n\t\t\t\t\t\t\t\t\t\t\t\t\t\t\t<img fetchpriority=\"high\" decoding=\"async\" width=\"800\" height=\"603\" src=\"https:\/\/trungtambaovesuckhoekyluc.vn\/wp-content\/uploads\/2025\/12\/2025-12-15_15-54-33-1024x772.webp\" class=\"attachment-large size-large wp-image-1300\" alt=\"\" srcset=\"https:\/\/trungtambaovesuckhoekyluc.vn\/wp-content\/uploads\/2025\/12\/2025-12-15_15-54-33-1024x772.webp 1024w, https:\/\/trungtambaovesuckhoekyluc.vn\/wp-content\/uploads\/2025\/12\/2025-12-15_15-54-33-300x226.webp 300w, https:\/\/trungtambaovesuckhoekyluc.vn\/wp-content\/uploads\/2025\/12\/2025-12-15_15-54-33-768x579.webp 768w, https:\/\/trungtambaovesuckhoekyluc.vn\/wp-content\/uploads\/2025\/12\/2025-12-15_15-54-33.webp 1535w\" sizes=\"(max-width: 800px) 100vw, 800px\" \/>\t\t\t\t\t\t\t\t\t\t\t\t\t\t\t<\/div>\n\t\t\t\t<\/div>\n\t\t\t\t\t<\/div>\n\t\t\t\t<\/div>\n\t\t\t\t<\/div>\n\t\t","protected":false},"excerpt":{"rendered":"<p>\u0110\u1ed8I NG\u0168 CHUY\u00caN GIA &#8211; C\u1ed0 V\u1ea4N Gi\u00e1m \u0111\u1ed1c Trung t\u00e2m: PH\u1ea0M TH\u1eca MINH TRINH C\u1eed nh\u00e2n \u0110\u1ea1i h\u1ecdc ng\u00e0nh Qu\u1ea3n tr\u1ecb kinh doanh D\u01b0\u1ee3c s\u1ef9 &#8211; \u0110\u1ea1i H\u1ecdc Ths.Lu\u1eadt Kinh T\u1ebf Nh\u00e0 S\u00e1ng l\u1eadp, TVH\u0110QT CTY CP BIO-PHAM Ph\u00f3 Vi\u1ec7n Tr\u01b0\u1edfng Vi\u1ec7n Nghi\u00ean C\u1ee9u s\u1ee9c kh\u1ecfe s\u00e1ng t\u1ea1o Nh\u1eadt gi\u00e1m \u0111\u1ed1c PG\u0110 Trung t\u00e2m: [&hellip;]<\/p>\n","protected":false},"author":1,"featured_media":0,"parent":0,"menu_order":0,"comment_status":"closed","ping_status":"closed","template":"","meta":{"footnotes":""},"class_list":["post-962","page","type-page","status-publish","hentry"],"_links":{"self":[{"href":"https:\/\/trungtambaovesuckhoekyluc.vn\/index.php?rest_route=\/wp\/v2\/pages\/962","targetHints":{"allow":["GET"]}}],"collection":[{"href":"https:\/\/trungtambaovesuckhoekyluc.vn\/index.php?rest_route=\/wp\/v2\/pages"}],"about":[{"href":"https:\/\/trungtambaovesuckhoekyluc.vn\/index.php?rest_route=\/wp\/v2\/types\/page"}],"author":[{"embeddable":true,"href":"https:\/\/trungtambaovesuckhoekyluc.vn\/index.php?rest_route=\/wp\/v2\/users\/1"}],"replies":[{"embeddable":true,"href":"https:\/\/trungtambaovesuckhoekyluc.vn\/index.php?rest_route=%2Fwp%2Fv2%2Fcomments&post=962"}],"version-history":[{"count":4,"href":"https:\/\/trungtambaovesuckhoekyluc.vn\/index.php?rest_route=\/wp\/v2\/pages\/962\/revisions"}],"predecessor-version":[{"id":1605,"href":"https:\/\/trungtambaovesuckhoekyluc.vn\/index.php?rest_route=\/wp\/v2\/pages\/962\/revisions\/1605"}],"wp:attachment":[{"href":"https:\/\/trungtambaovesuckhoekyluc.vn\/index.php?rest_route=%2Fwp%2Fv2%2Fmedia&parent=962"}],"curies":[{"name":"wp","href":"https:\/\/api.w.org\/{rel}","templated":true}]}}